{"id":3187,"date":"2021-03-30T09:58:11","date_gmt":"2021-03-30T14:58:11","guid":{"rendered":"https:\/\/maisondelina.org\/comportamientos-alarmantes\/"},"modified":"2021-10-08T10:29:42","modified_gmt":"2021-10-08T15:29:42","slug":"comportamientos-alarmantes","status":"publish","type":"page","link":"https:\/\/maisondelina.org\/es\/violencia-conyugal\/comportamientos-alarmantes\/","title":{"rendered":"Comportamientos alarmantes"},"content":{"rendered":"\t\t<div data-elementor-type=\"wp-page\" data-elementor-id=\"3187\" class=\"elementor elementor-3187 elementor-314\" data-elementor-post-type=\"page\">\n\t\t\t\t\t\t<section class=\"elementor-section elementor-top-section elementor-element elementor-element-edede47 elementor-section-height-min-height elementor-section-boxed elementor-section-height-default elementor-section-items-middle\" data-id=\"edede47\" data-element_type=\"section\" data-settings=\"{&quot;background_background&quot;:&quot;classic&quot;}\">\n\t\t\t\t\t\t\t<div class=\"elementor-background-overlay\"><\/div>\n\t\t\t\t\t\t\t<div class=\"elementor-container elementor-column-gap-default\">\n\t\t\t\t\t<div class=\"elementor-column elementor-col-50 elementor-top-column elementor-element elementor-element-71550a9\" data-id=\"71550a9\" data-element_type=\"column\">\n\t\t\t<div class=\"elementor-widget-wrap elementor-element-populated\">\n\t\t\t\t\t\t<div class=\"elementor-element elementor-element-abd7ee6 elementor-widget elementor-widget-heading\" data-id=\"abd7ee6\" data-element_type=\"widget\" data-widget_type=\"heading.default\">\n\t\t\t\t<div class=\"elementor-widget-container\">\n\t\t\t\t\t<h2 class=\"elementor-heading-title elementor-size-default\">Comportamientos alarmantes<\/h2>\t\t\t\t<\/div>\n\t\t\t\t<\/div>\n\t\t\t\t\t<\/div>\n\t\t<\/div>\n\t\t\t\t<div class=\"elementor-column elementor-col-50 elementor-top-column elementor-element elementor-element-d1bfb61\" data-id=\"d1bfb61\" data-element_type=\"column\">\n\t\t\t<div class=\"elementor-widget-wrap\">\n\t\t\t\t\t\t\t<\/div>\n\t\t<\/div>\n\t\t\t\t\t<\/div>\n\t\t<\/section>\n\t\t\t\t<section class=\"elementor-section elementor-top-section elementor-element elementor-element-2e8eccf elementor-section-full_width elementor-hidden-tablet elementor-hidden-phone elementor-section-height-default elementor-section-height-default\" data-id=\"2e8eccf\" data-element_type=\"section\" data-settings=\"{&quot;sticky&quot;:&quot;top&quot;,&quot;sticky_on&quot;:[&quot;desktop&quot;,&quot;tablet&quot;],&quot;sticky_offset&quot;:0,&quot;sticky_effects_offset&quot;:0,&quot;sticky_anchor_link_offset&quot;:0}\">\n\t\t\t\t\t\t<div class=\"elementor-container elementor-column-gap-default\">\n\t\t\t\t\t<div class=\"elementor-column elementor-col-16 elementor-top-column elementor-element elementor-element-79aa890\" data-id=\"79aa890\" data-element_type=\"column\">\n\t\t\t<div class=\"elementor-widget-wrap elementor-element-populated\">\n\t\t\t\t\t\t<div class=\"elementor-element elementor-element-0ffc94b elementor-align-justify elementor-widget elementor-widget-button\" data-id=\"0ffc94b\" data-element_type=\"widget\" data-widget_type=\"button.default\">\n\t\t\t\t<div class=\"elementor-widget-container\">\n\t\t\t\t\t\t\t\t\t<div class=\"elementor-button-wrapper\">\n\t\t\t\t\t<a class=\"elementor-button elementor-button-link elementor-size-md\" href=\"https:\/\/maisondelina.org\/es\/servicios\/\">\n\t\t\t\t\t\t<span class=\"elementor-button-content-wrapper\">\n\t\t\t\t\t\t\t\t\t<span class=\"elementor-button-text\">Servicios<\/span>\n\t\t\t\t\t<\/span>\n\t\t\t\t\t<\/a>\n\t\t\t\t<\/div>\n\t\t\t\t\t\t\t\t<\/div>\n\t\t\t\t<\/div>\n\t\t\t\t\t<\/div>\n\t\t<\/div>\n\t\t\t\t<div class=\"elementor-column elementor-col-16 elementor-top-column elementor-element elementor-element-949161c\" data-id=\"949161c\" data-element_type=\"column\">\n\t\t\t<div class=\"elementor-widget-wrap elementor-element-populated\">\n\t\t\t\t\t\t<div class=\"elementor-element elementor-element-c32710b elementor-align-justify elementor-widget elementor-widget-button\" data-id=\"c32710b\" data-element_type=\"widget\" data-widget_type=\"button.default\">\n\t\t\t\t<div class=\"elementor-widget-container\">\n\t\t\t\t\t\t\t\t\t<div class=\"elementor-button-wrapper\">\n\t\t\t\t\t<a class=\"elementor-button elementor-button-link elementor-size-md\" href=\"https:\/\/maisondelina.org\/es\/la-casa\/\">\n\t\t\t\t\t\t<span class=\"elementor-button-content-wrapper\">\n\t\t\t\t\t\t\t\t\t<span class=\"elementor-button-text\">La casa<\/span>\n\t\t\t\t\t<\/span>\n\t\t\t\t\t<\/a>\n\t\t\t\t<\/div>\n\t\t\t\t\t\t\t\t<\/div>\n\t\t\t\t<\/div>\n\t\t\t\t\t<\/div>\n\t\t<\/div>\n\t\t\t\t<div class=\"elementor-column elementor-col-16 elementor-top-column elementor-element elementor-element-496a703\" data-id=\"496a703\" data-element_type=\"column\">\n\t\t\t<div class=\"elementor-widget-wrap elementor-element-populated\">\n\t\t\t\t\t\t<div class=\"elementor-element elementor-element-13c6073 elementor-align-justify elementor-widget elementor-widget-button\" data-id=\"13c6073\" data-element_type=\"widget\" data-widget_type=\"button.default\">\n\t\t\t\t<div class=\"elementor-widget-container\">\n\t\t\t\t\t\t\t\t\t<div class=\"elementor-button-wrapper\">\n\t\t\t\t\t<a class=\"elementor-button elementor-button-link elementor-size-md\" href=\"https:\/\/maisondelina.org\/es\/preguntas-frecuentes\/\">\n\t\t\t\t\t\t<span class=\"elementor-button-content-wrapper\">\n\t\t\t\t\t\t\t\t\t<span class=\"elementor-button-text\">Preguntas frecuentes<\/span>\n\t\t\t\t\t<\/span>\n\t\t\t\t\t<\/a>\n\t\t\t\t<\/div>\n\t\t\t\t\t\t\t\t<\/div>\n\t\t\t\t<\/div>\n\t\t\t\t\t<\/div>\n\t\t<\/div>\n\t\t\t\t<div class=\"elementor-column elementor-col-16 elementor-top-column elementor-element elementor-element-9d29858\" data-id=\"9d29858\" data-element_type=\"column\">\n\t\t\t<div class=\"elementor-widget-wrap elementor-element-populated\">\n\t\t\t\t\t\t<div class=\"elementor-element elementor-element-1a2d732 elementor-align-justify elementor-widget elementor-widget-button\" data-id=\"1a2d732\" data-element_type=\"widget\" data-widget_type=\"button.default\">\n\t\t\t\t<div class=\"elementor-widget-container\">\n\t\t\t\t\t\t\t\t\t<div class=\"elementor-button-wrapper\">\n\t\t\t\t\t<a class=\"elementor-button elementor-button-link elementor-size-md\" href=\"https:\/\/maisondelina.org\/es\/acerca-de\/\">\n\t\t\t\t\t\t<span class=\"elementor-button-content-wrapper\">\n\t\t\t\t\t\t\t\t\t<span class=\"elementor-button-text\">Acerca de<\/span>\n\t\t\t\t\t<\/span>\n\t\t\t\t\t<\/a>\n\t\t\t\t<\/div>\n\t\t\t\t\t\t\t\t<\/div>\n\t\t\t\t<\/div>\n\t\t\t\t\t<\/div>\n\t\t<\/div>\n\t\t\t\t<div class=\"elementor-column elementor-col-16 elementor-top-column elementor-element elementor-element-e4743ac\" data-id=\"e4743ac\" data-element_type=\"column\">\n\t\t\t<div class=\"elementor-widget-wrap elementor-element-populated\">\n\t\t\t\t\t\t<div class=\"elementor-element elementor-element-e3c1363 elementor-align-justify elementor-widget elementor-widget-button\" data-id=\"e3c1363\" data-element_type=\"widget\" data-widget_type=\"button.default\">\n\t\t\t\t<div class=\"elementor-widget-container\">\n\t\t\t\t\t\t\t\t\t<div class=\"elementor-button-wrapper\">\n\t\t\t\t\t<a class=\"elementor-button elementor-button-link elementor-size-md\" href=\"https:\/\/maisondelina.org\/es\/empleos\/\">\n\t\t\t\t\t\t<span class=\"elementor-button-content-wrapper\">\n\t\t\t\t\t\t\t\t\t<span class=\"elementor-button-text\">Empleos<\/span>\n\t\t\t\t\t<\/span>\n\t\t\t\t\t<\/a>\n\t\t\t\t<\/div>\n\t\t\t\t\t\t\t\t<\/div>\n\t\t\t\t<\/div>\n\t\t\t\t\t<\/div>\n\t\t<\/div>\n\t\t\t\t<div class=\"elementor-column elementor-col-16 elementor-top-column elementor-element elementor-element-8db8e11\" data-id=\"8db8e11\" data-element_type=\"column\">\n\t\t\t<div class=\"elementor-widget-wrap elementor-element-populated\">\n\t\t\t\t\t\t<div class=\"elementor-element elementor-element-14ea9ef elementor-align-justify elementor-widget elementor-widget-button\" data-id=\"14ea9ef\" data-element_type=\"widget\" data-widget_type=\"button.default\">\n\t\t\t\t<div class=\"elementor-widget-container\">\n\t\t\t\t\t\t\t\t\t<div class=\"elementor-button-wrapper\">\n\t\t\t\t\t<a class=\"elementor-button elementor-button-link elementor-size-md\" href=\"https:\/\/maisondelina.org\/es\/contactarnos\/\">\n\t\t\t\t\t\t<span class=\"elementor-button-content-wrapper\">\n\t\t\t\t\t\t\t\t\t<span class=\"elementor-button-text\">Contactarnos<\/span>\n\t\t\t\t\t<\/span>\n\t\t\t\t\t<\/a>\n\t\t\t\t<\/div>\n\t\t\t\t\t\t\t\t<\/div>\n\t\t\t\t<\/div>\n\t\t\t\t\t<\/div>\n\t\t<\/div>\n\t\t\t\t\t<\/div>\n\t\t<\/section>\n\t\t\t\t<section class=\"elementor-section elementor-top-section elementor-element elementor-element-33e478b elementor-section-boxed elementor-section-height-default elementor-section-height-default\" data-id=\"33e478b\" data-element_type=\"section\">\n\t\t\t\t\t\t<div class=\"elementor-container elementor-column-gap-default\">\n\t\t\t\t\t<div class=\"elementor-column elementor-col-100 elementor-top-column elementor-element elementor-element-49261b8\" data-id=\"49261b8\" data-element_type=\"column\">\n\t\t\t<div class=\"elementor-widget-wrap elementor-element-populated\">\n\t\t\t\t\t\t<div class=\"elementor-element elementor-element-d0469f5 elementor-widget elementor-widget-heading\" data-id=\"d0469f5\" data-element_type=\"widget\" data-widget_type=\"heading.default\">\n\t\t\t\t<div class=\"elementor-widget-container\">\n\t\t\t\t\t<h2 class=\"elementor-heading-title elementor-size-default\">\u00bfEstoy en una relaci\u00f3n de violencia conyugal?<\/h2>\t\t\t\t<\/div>\n\t\t\t\t<\/div>\n\t\t\t\t<div class=\"elementor-element elementor-element-fdd0a2c elementor-widget elementor-widget-text-editor\" data-id=\"fdd0a2c\" data-element_type=\"widget\" data-widget_type=\"text-editor.default\">\n\t\t\t\t<div class=\"elementor-widget-container\">\n\t\t\t\t\t\t\t\t\t<p class=\"p1\">Aqu\u00ed hay algunas preguntas no exhaustivas que te llevar\u00e1n a reflexionar sobre tu relaci\u00f3n de pareja y a identificar comportamientos violentos.<\/p>\n\t\t\t\t\t\t\t\t<\/div>\n\t\t\t\t<\/div>\n\t\t\t\t\t<\/div>\n\t\t<\/div>\n\t\t\t\t\t<\/div>\n\t\t<\/section>\n\t\t\t\t<section class=\"elementor-section elementor-top-section elementor-element elementor-element-c0aa14e elementor-section-boxed elementor-section-height-default elementor-section-height-default\" data-id=\"c0aa14e\" data-element_type=\"section\" data-settings=\"{&quot;background_background&quot;:&quot;classic&quot;}\">\n\t\t\t\t\t\t\t<div class=\"elementor-background-overlay\"><\/div>\n\t\t\t\t\t\t\t<div class=\"elementor-container elementor-column-gap-default\">\n\t\t\t\t\t<div class=\"elementor-column elementor-col-25 elementor-top-column elementor-element elementor-element-6dc52af\" data-id=\"6dc52af\" data-element_type=\"column\">\n\t\t\t<div class=\"elementor-widget-wrap elementor-element-populated\">\n\t\t\t\t\t\t<div class=\"elementor-element elementor-element-1bf7ec7 elementor-widget elementor-widget-heading\" data-id=\"1bf7ec7\" data-element_type=\"widget\" data-widget_type=\"heading.default\">\n\t\t\t\t<div class=\"elementor-widget-container\">\n\t\t\t\t\t<h2 class=\"elementor-heading-title elementor-size-default\">Marca todas las respuestas que se apliquen<\/h2>\t\t\t\t<\/div>\n\t\t\t\t<\/div>\n\t\t\t\t\t<\/div>\n\t\t<\/div>\n\t\t\t\t<div class=\"elementor-column elementor-col-25 elementor-top-column elementor-element elementor-element-1344da2\" data-id=\"1344da2\" data-element_type=\"column\" data-settings=\"{&quot;background_background&quot;:&quot;classic&quot;}\">\n\t\t\t<div class=\"elementor-widget-wrap elementor-element-populated\">\n\t\t\t\t\t\t<div class=\"elementor-element elementor-element-9f602c0 elementor-widget elementor-widget-html\" data-id=\"9f602c0\" data-element_type=\"widget\" data-widget_type=\"html.default\">\n\t\t\t\t<div class=\"elementor-widget-container\">\n\t\t\t\t\t<label class=\"container\">\u00bfMi pareja a veces act\u00faa como si yo no existiera, se muestra enfadada o indiferente?\n  <input type=\"checkbox\">\n  <span class=\"checkmark\"><\/span>\n<\/label>\n\n<label class=\"container\">\u00bfMi pareja alguna vez ha querido cuidarme o darme cosas hasta el punto de que me incomoda?\n  <input type=\"checkbox\">\n  <span class=\"checkmark\"><\/span>\n<\/label>\n\n<label class=\"container\">\u00bfSucede a veces que mi pareja no respeta mis l\u00edmites sexuales?\n  <input type=\"checkbox\">\n  <span class=\"checkmark\"><\/span>\n<\/label>\n\n<label class=\"container\">\u00bfTengo miedo de expresar un desacuerdo a mi pareja?\n  <input type=\"checkbox\">\n  <span class=\"checkmark\"><\/span>\n<\/label>\n<label class=\"container\">\u00bfTengo miedo de las reacciones de mi pareja?\n  <input type=\"checkbox\">\n  <span class=\"checkmark\"><\/span>\n<\/label>\n<label class=\"container\">\u00bfMi pareja cambia r\u00e1pidamente de humor o se enoja conmigo a menudo?\n  <input type=\"checkbox\">\n  <span class=\"checkmark\"><\/span>\n<\/label>\n<label class=\"container\">\u00bfMi pareja controla las entradas y salidas del dinero de nuestro hogar, as\u00ed como mis recursos personales, como mi salario?\n  <input type=\"checkbox\">\n  <span class=\"checkmark\"><\/span>\n<\/label>\n<label class=\"container\">\u00bfMi pareja me maltrata f\u00edsicamente?\n  <input type=\"checkbox\">\n  <span class=\"checkmark\"><\/span>\n<\/label>\t\t\t\t<\/div>\n\t\t\t\t<\/div>\n\t\t\t\t\t<\/div>\n\t\t<\/div>\n\t\t\t\t<div class=\"elementor-column elementor-col-25 elementor-top-column elementor-element elementor-element-01fb7a3\" data-id=\"01fb7a3\" data-element_type=\"column\" data-settings=\"{&quot;background_background&quot;:&quot;classic&quot;}\">\n\t\t\t<div class=\"elementor-widget-wrap elementor-element-populated\">\n\t\t\t\t\t\t<div class=\"elementor-element elementor-element-3712928 elementor-widget elementor-widget-html\" data-id=\"3712928\" data-element_type=\"widget\" data-widget_type=\"html.default\">\n\t\t\t\t<div class=\"elementor-widget-container\">\n\t\t\t\t\t<label class=\"container\">\u00bfMi pareja me intimida f\u00edsicamente (no me agrede directamente, pero me asusta o ataca bienes materiales)?\n  <input type=\"checkbox\">\n  <span class=\"checkmark\"><\/span>\n<\/label>\n\n<label class=\"container\">\u00bfMi pareja me intimida cuando hablo?\n  <input type=\"checkbox\">\n  <span class=\"checkmark\"><\/span>\n<\/label>\n\n<label class=\"container\">\u00bfMi pareja me critica a menudo?\n  <input type=\"checkbox\">\n  <span class=\"checkmark\"><\/span>\n<\/label>\n\n<label class=\"container\">\u00bfMi pareja me falta el respeto?\n  <input type=\"checkbox\">\n  <span class=\"checkmark\"><\/span>\n<\/label>\n<label class=\"container\">\u00bfMi pareja toma decisiones sobre la pareja o la familia sin consultarme primero? \u00bfMi pareja me culpa a menudo?\n  <input type=\"checkbox\">\n  <span class=\"checkmark\"><\/span>\n<\/label>\n<label class=\"container\">\u00bfMi pareja me culpa a menudo?\n  <input type=\"checkbox\">\n  <span class=\"checkmark\"><\/span>\n<\/label>\n<label class=\"container\">\u00bfMi pareja cuestiona a menudo mis percepciones?\n  <input type=\"checkbox\">\n  <span class=\"checkmark\"><\/span>\n<\/label>\n<label class=\"container\">\u00bfMi pareja restringe mis contactos con quienes me rodean (familiares, amigos)?\n  <input type=\"checkbox\">\n  <span class=\"checkmark\"><\/span>\n<\/label>\n<label class=\"container\">\u00bfMi pareja espera que yo me ocupe de su persona?\n  <input type=\"checkbox\">\n  <span class=\"checkmark\"><\/span>\n<\/label>\t\t\t\t<\/div>\n\t\t\t\t<\/div>\n\t\t\t\t\t<\/div>\n\t\t<\/div>\n\t\t\t\t<div class=\"elementor-column elementor-col-25 elementor-top-column elementor-element elementor-element-dd945f5\" data-id=\"dd945f5\" data-element_type=\"column\">\n\t\t\t<div class=\"elementor-widget-wrap elementor-element-populated\">\n\t\t\t\t\t\t<div class=\"elementor-element elementor-element-b9f9190 elementor-widget elementor-widget-text-editor\" data-id=\"b9f9190\" data-element_type=\"widget\" data-widget_type=\"text-editor.default\">\n\t\t\t\t<div class=\"elementor-widget-container\">\n\t\t\t\t\t\t\t\t\t<p>Si respondiste S\u00cd a una o m\u00e1s de estas preguntas, probablemente est\u00e9s en una relaci\u00f3n de violencia conyugal.<\/p>\n<p class=\"p2\">En caso de duda, no dudes en ponerte en contacto con nosotras y una trabajadora acompa\u00f1ante se tomar\u00e1 el tiempo para aclarar tus dudas sobre la situaci\u00f3n.<\/p>\n\t\t\t\t\t\t\t\t<\/div>\n\t\t\t\t<\/div>\n\t\t\t\t\t<\/div>\n\t\t<\/div>\n\t\t\t\t\t<\/div>\n\t\t<\/section>\n\t\t\t\t<section class=\"elementor-section elementor-top-section elementor-element elementor-element-e3fb7b1 elementor-section-boxed elementor-section-height-default elementor-section-height-default\" data-id=\"e3fb7b1\" data-element_type=\"section\" data-settings=\"{&quot;background_background&quot;:&quot;classic&quot;}\">\n\t\t\t\t\t\t<div class=\"elementor-container elementor-column-gap-default\">\n\t\t\t\t\t<div class=\"elementor-column elementor-col-50 elementor-top-column elementor-element elementor-element-c4b6061\" data-id=\"c4b6061\" data-element_type=\"column\">\n\t\t\t<div class=\"elementor-widget-wrap elementor-element-populated\">\n\t\t\t\t\t\t<div class=\"elementor-element elementor-element-c05ed3c elementor-widget elementor-widget-heading\" data-id=\"c05ed3c\" data-element_type=\"widget\" data-widget_type=\"heading.default\">\n\t\t\t\t<div class=\"elementor-widget-container\">\n\t\t\t\t\t<h2 class=\"elementor-heading-title elementor-size-default\">Cont\u00e1ctanos en cualquier momento <br><a href=\"tel:4509628085\">450&nbsp;962-8085<\/a><\/h2>\t\t\t\t<\/div>\n\t\t\t\t<\/div>\n\t\t\t\t<div class=\"elementor-element elementor-element-2f4d725 elementor-widget elementor-widget-text-editor\" data-id=\"2f4d725\" data-element_type=\"widget\" data-widget_type=\"text-editor.default\">\n\t\t\t\t<div class=\"elementor-widget-container\">\n\t\t\t\t\t\t\t\t\t<p>Una trabajadora acompa\u00f1ante est\u00e1 disponible <span style=\"font-weight: 600;\">24\/7<\/span> para apoyarte, brindarte herramientas, escucharte o ayudarte a ver con claridad.<\/p>\n\t\t\t\t\t\t\t\t<\/div>\n\t\t\t\t<\/div>\n\t\t\t\t\t<\/div>\n\t\t<\/div>\n\t\t\t\t<div class=\"elementor-column elementor-col-50 elementor-top-column elementor-element elementor-element-e5ba261\" data-id=\"e5ba261\" data-element_type=\"column\">\n\t\t\t<div class=\"elementor-widget-wrap elementor-element-populated\">\n\t\t\t\t\t\t<div class=\"elementor-element elementor-element-d4efe03 elementor-widget elementor-widget-heading\" data-id=\"d4efe03\" data-element_type=\"widget\" data-widget_type=\"heading.default\">\n\t\t\t\t<div class=\"elementor-widget-container\">\n\t\t\t\t\t<h2 class=\"elementor-heading-title elementor-size-default\">Ta s\u00e9curit\u00e9 est compromise ? Compose&nbsp;le&nbsp;<span style=\"font-weight: 600\">911<\/span><\/h2>\t\t\t\t<\/div>\n\t\t\t\t<\/div>\n\t\t\t\t<div class=\"elementor-element elementor-element-267dee2 elementor-widget elementor-widget-text-editor\" data-id=\"267dee2\" data-element_type=\"widget\" data-widget_type=\"text-editor.default\">\n\t\t\t\t<div class=\"elementor-widget-container\">\n\t\t\t\t\t\t\t\t\t<p>No dudes en llamar, la polic\u00eda estar\u00e1 a tu disposici\u00f3n.<\/p>\n\t\t\t\t\t\t\t\t<\/div>\n\t\t\t\t<\/div>\n\t\t\t\t\t<\/div>\n\t\t<\/div>\n\t\t\t\t\t<\/div>\n\t\t<\/section>\n\t\t\t\t<\/div>\n\t\t","protected":false},"excerpt":{"rendered":"<p>Comportamientos alarmantes Servicios La casa Preguntas frecuentes Acerca de Empleos Contactarnos \u00bfEstoy en una relaci\u00f3n de violencia conyugal? Aqu\u00ed hay algunas preguntas no exhaustivas que te llevar\u00e1n a reflexionar sobre tu relaci\u00f3n de pareja y a identificar comportamientos violentos. Marca todas las respuestas que se apliquen \u00bfMi pareja a veces act\u00faa como si yo no [&hellip;]<\/p>\n","protected":false},"author":2,"featured_media":0,"parent":3333,"menu_order":0,"comment_status":"closed","ping_status":"closed","template":"elementor_header_footer","meta":{"inline_featured_image":false,"footnotes":""},"class_list":["post-3187","page","type-page","status-publish","hentry"],"_links":{"self":[{"href":"https:\/\/maisondelina.org\/es\/wp-json\/wp\/v2\/pages\/3187","targetHints":{"allow":["GET"]}}],"collection":[{"href":"https:\/\/maisondelina.org\/es\/wp-json\/wp\/v2\/pages"}],"about":[{"href":"https:\/\/maisondelina.org\/es\/wp-json\/wp\/v2\/types\/page"}],"author":[{"embeddable":true,"href":"https:\/\/maisondelina.org\/es\/wp-json\/wp\/v2\/users\/2"}],"replies":[{"embeddable":true,"href":"https:\/\/maisondelina.org\/es\/wp-json\/wp\/v2\/comments?post=3187"}],"version-history":[{"count":0,"href":"https:\/\/maisondelina.org\/es\/wp-json\/wp\/v2\/pages\/3187\/revisions"}],"up":[{"embeddable":true,"href":"https:\/\/maisondelina.org\/es\/wp-json\/wp\/v2\/pages\/3333"}],"wp:attachment":[{"href":"https:\/\/maisondelina.org\/es\/wp-json\/wp\/v2\/media?parent=3187"}],"curies":[{"name":"wp","href":"https:\/\/api.w.org\/{rel}","templated":true}]}}